{"id":105,"date":"2023-04-30T13:36:57","date_gmt":"2023-04-30T13:36:57","guid":{"rendered":"http:\/\/sandvaddesign.dk\/?page_id=105"},"modified":"2023-04-30T13:55:47","modified_gmt":"2023-04-30T13:55:47","slug":"q-a-spoergsmaal-og-svar","status":"publish","type":"page","link":"http:\/\/sandvaddesign.dk\/?page_id=105","title":{"rendered":"Q &#038; A (sp\u00f8rgsm\u00e5l og svar)"},"content":{"rendered":"\n<h4 class=\"wp-block-heading\">Hvor foreg\u00e5r fotograferingen?<\/h4>\n\n\n\n<p>M\u00e5ske \u00f8nsker du de skal tages et bestemt sted: I din have, ved kirken, ved St. \u00d8kss\u00f8, i skoven, Rebild bakker eller andet. Det aftaler vi. Er det mere en 5 km fra Sk\u00f8rping, vil der muligvis komme et aftalt till\u00e6g.<\/p>\n\n\n\n<h4 class=\"wp-block-heading\">Hvordan foreg\u00e5r betaling?<\/h4>\n\n\n\n<p>Du skal betale med bankoverf\u00f8rsel eller mobilepay n\u00e5r du har udvalgt de billeder du \u00f8nsker.<\/p>\n\n\n\n<h4 class=\"wp-block-heading\">Hvem deler jeg dine data med?<\/h4>\n\n\n\n<p>Jeg deler ikke dine kontaktinformationer med nogen og gemmer det kun s\u00e5 l\u00e6nge vi samarbejder om en opgave.<\/p>\n\n\n\n<h4 class=\"wp-block-heading\">Hvor l\u00e6nge gemmer du fotografierne?<\/h4>\n\n\n\n<p>Jeg gemmer kun et lille udvalg til mine referencer p\u00e5 en ekstern backup. \u00d8nsker du jeg gemmer alle dine redigerede billeder og r\u00e5-materialet, s\u00e5 sig til, det kan lade sig g\u00f8re mod en lille ekstrapris for lagringsplads. Husk at sige dette senest ved udvalg af fotos.<\/p>\n\n\n\n<h4 class=\"wp-block-heading\">Bliver mine billeder vist til andre?<\/h4>\n\n\n\n<p>Som alle andre fotografer har jeg rettigheder til de billeder jeg tager og vil bruge nogle som referencer p\u00e5 mit materiale s\u00e5som sociale medier og website. Men de vil blive vist uden tags og informationer, og er p\u00e5 den m\u00e5de anonyme. Tag en snak med mig hvis du har s\u00e6rlige \u00f8nsker, s\u00e5 finder vi en l\u00f8sning.<\/p>\n\n\n\n<h4 class=\"wp-block-heading\">Hvor gemmes\/leveres billederne?<\/h4>\n\n\n\n<p>De billeder du \u00f8nsker at k\u00f8be sendes til dig via WeTransfer.com. Du modtager et link og har 1 uge til at klikke p\u00e5 det og downloade dine billeder. Jeg gemmer kun et lille udvalg til mine referencer p\u00e5 en ekstern backup. \u00d8nsker du jeg gemmer ALLE dine redigerede billeder og r\u00e5-materialet, s\u00e5 sig til, det kan lade sig g\u00f8re mod en lille ekstrapris for lagringsplads. Men ellers sletter jeg dem, da raw-billederne fylder rigtig meget.<\/p>\n\n\n\n<h4 class=\"wp-block-heading\">Hvorf\u00e5r jeg mine digitale fotos fremkaldt?<\/h4>\n\n\n\n<p>Der er rigtig mange online sider hvor du kan f\u00e5 dine billeder fremkaldt billigt. Jeg hj\u00e6lper dig gerne p\u00e5 vej. Flere steder kan du tilmelde dig deres nyhedsbrev og j\u00e6vnligt modtage rabatkoder p\u00e5 fx 50 gratis fremkaldelser. Fx fujidirekte.dk cewe.dk click.dk pixum.dk smartphoto.dk og mange flere.<\/p>\n","protected":false},"excerpt":{"rendered":"<p>Hvor foreg\u00e5r fotograferingen? M\u00e5ske \u00f8nsker du de skal tages et bestemt sted: I din have, ved kirken, ved St. \u00d8kss\u00f8,<\/p>\n<p><span class=\"more-link\"><a href=\"http:\/\/sandvaddesign.dk\/?page_id=105\" class=\"readmore\">Continue reading<span class=\"screen-reader-text\">Q &#038; A (sp\u00f8rgsm\u00e5l og svar)<\/span><\/a><\/span><\/p>\n","protected":false},"author":1,"featured_media":0,"parent":0,"menu_order":0,"comment_status":"closed","ping_status":"closed","template":"","meta":[],"_links":{"self":[{"href":"http:\/\/sandvaddesign.dk\/index.php?rest_route=\/wp\/v2\/pages\/105"}],"collection":[{"href":"http:\/\/sandvaddesign.dk\/index.php?rest_route=\/wp\/v2\/pages"}],"about":[{"href":"http:\/\/sandvaddesign.dk\/index.php?rest_route=\/wp\/v2\/types\/page"}],"author":[{"embeddable":true,"href":"http:\/\/sandvaddesign.dk\/index.php?rest_route=\/wp\/v2\/users\/1"}],"replies":[{"embeddable":true,"href":"http:\/\/sandvaddesign.dk\/index.php?rest_route=%2Fwp%2Fv2%2Fcomments&post=105"}],"version-history":[{"count":2,"href":"http:\/\/sandvaddesign.dk\/index.php?rest_route=\/wp\/v2\/pages\/105\/revisions"}],"predecessor-version":[{"id":111,"href":"http:\/\/sandvaddesign.dk\/index.php?rest_route=\/wp\/v2\/pages\/105\/revisions\/111"}],"wp:attachment":[{"href":"http:\/\/sandvaddesign.dk\/index.php?rest_route=%2Fwp%2Fv2%2Fmedia&parent=105"}],"curies":[{"name":"wp","href":"https:\/\/api.w.org\/{rel}","templated":true}]}}