{"id":169,"date":"2023-04-30T15:40:02","date_gmt":"2023-04-30T15:40:02","guid":{"rendered":"http:\/\/sandvaddesign.dk\/?page_id=169"},"modified":"2025-06-11T13:58:24","modified_gmt":"2025-06-11T13:58:24","slug":"naturfoto","status":"publish","type":"page","link":"http:\/\/sandvaddesign.dk\/?page_id=169","title":{"rendered":"Naturfoto"},"content":{"rendered":"\n<p>Fotos fra omr\u00e5det omkring Sk\u00f8rping\/Rold Skov mfl.<\/p>\n\n\n\n<p>Billederne kan k\u00f8bes som plakat i begr\u00e6nset omfang, kontakt mig hvis du er interesseret i at h\u00f8re mere.<\/p>\n\n\n\n<div class=\"wp-block-group is-layout-constrained\"><div class=\"wp-block-group__inner-container\">\n<figure class=\"wp-block-gallery alignwide has-nested-images columns-2 is-cropped wp-block-gallery-1 is-layout-flex\">\n<figure class=\"wp-block-image size-large\"><img decoding=\"async\" loading=\"lazy\" width=\"683\" height=\"1024\" src=\"http:\/\/sandvaddesign.dk\/wp-content\/uploads\/2023\/04\/a-Lyng-DSC_0521-683x1024.jpg\" alt=\"\" class=\"wp-image-171\" srcset=\"http:\/\/sandvaddesign.dk\/wp-content\/uploads\/2023\/04\/a-Lyng-DSC_0521-683x1024.jpg 683w, http:\/\/sandvaddesign.dk\/wp-content\/uploads\/2023\/04\/a-Lyng-DSC_0521-200x300.jpg 200w, http:\/\/sandvaddesign.dk\/wp-content\/uploads\/2023\/04\/a-Lyng-DSC_0521-768x1152.jpg 768w, http:\/\/sandvaddesign.dk\/wp-content\/uploads\/2023\/04\/a-Lyng-DSC_0521-1024x1536.jpg 1024w, http:\/\/sandvaddesign.dk\/wp-content\/uploads\/2023\/04\/a-Lyng-DSC_0521-1365x2048.jpg 1365w, http:\/\/sandvaddesign.dk\/wp-content\/uploads\/2023\/04\/a-Lyng-DSC_0521-scaled.jpg 1707w\" sizes=\"(max-width: 683px) 100vw, 683px\" \/><figcaption class=\"wp-element-caption\">Rebild Bakker<\/figcaption><\/figure>\n\n\n\n<figure class=\"wp-block-image size-large\"><img decoding=\"async\" loading=\"lazy\" width=\"671\" height=\"1024\" src=\"http:\/\/sandvaddesign.dk\/wp-content\/uploads\/2023\/04\/50shadesofgreen-DSC_4309-web-671x1024.jpg\" alt=\"\" class=\"wp-image-170\" srcset=\"http:\/\/sandvaddesign.dk\/wp-content\/uploads\/2023\/04\/50shadesofgreen-DSC_4309-web-671x1024.jpg 671w, http:\/\/sandvaddesign.dk\/wp-content\/uploads\/2023\/04\/50shadesofgreen-DSC_4309-web-197x300.jpg 197w, http:\/\/sandvaddesign.dk\/wp-content\/uploads\/2023\/04\/50shadesofgreen-DSC_4309-web-768x1172.jpg 768w, http:\/\/sandvaddesign.dk\/wp-content\/uploads\/2023\/04\/50shadesofgreen-DSC_4309-web-1006x1536.jpg 1006w, http:\/\/sandvaddesign.dk\/wp-content\/uploads\/2023\/04\/50shadesofgreen-DSC_4309-web-1342x2048.jpg 1342w, http:\/\/sandvaddesign.dk\/wp-content\/uploads\/2023\/04\/50shadesofgreen-DSC_4309-web-scaled.jpg 1677w\" sizes=\"(max-width: 671px) 100vw, 671px\" \/><figcaption class=\"wp-element-caption\">N\u00f8rreskoven, Rold Skov<\/figcaption><\/figure>\n\n\n\n<figure class=\"wp-block-image size-large\"><img decoding=\"async\" loading=\"lazy\" width=\"1024\" height=\"1024\" src=\"http:\/\/sandvaddesign.dk\/wp-content\/uploads\/2023\/04\/st-oeksoe-kenya-1024x1024.jpg\" alt=\"\" class=\"wp-image-183\" srcset=\"http:\/\/sandvaddesign.dk\/wp-content\/uploads\/2023\/04\/st-oeksoe-kenya-1024x1024.jpg 1024w, http:\/\/sandvaddesign.dk\/wp-content\/uploads\/2023\/04\/st-oeksoe-kenya-300x300.jpg 300w, http:\/\/sandvaddesign.dk\/wp-content\/uploads\/2023\/04\/st-oeksoe-kenya-150x150.jpg 150w, http:\/\/sandvaddesign.dk\/wp-content\/uploads\/2023\/04\/st-oeksoe-kenya-768x768.jpg 768w, http:\/\/sandvaddesign.dk\/wp-content\/uploads\/2023\/04\/st-oeksoe-kenya-640x640.jpg 640w, http:\/\/sandvaddesign.dk\/wp-content\/uploads\/2023\/04\/st-oeksoe-kenya-666x666.jpg 666w, http:\/\/sandvaddesign.dk\/wp-content\/uploads\/2023\/04\/st-oeksoe-kenya-96x96.jpg 96w, http:\/\/sandvaddesign.dk\/wp-content\/uploads\/2023\/04\/st-oeksoe-kenya-50x50.jpg 50w, http:\/\/sandvaddesign.dk\/wp-content\/uploads\/2023\/04\/st-oeksoe-kenya.jpg 1365w\" sizes=\"(max-width: 1024px) 100vw, 1024px\" \/><figcaption class=\"wp-element-caption\">St. \u00d8kss\u00f8<\/figcaption><\/figure>\n\n\n\n<figure class=\"wp-block-image size-large\"><img decoding=\"async\" loading=\"lazy\" width=\"1024\" height=\"683\" src=\"http:\/\/sandvaddesign.dk\/wp-content\/uploads\/2023\/04\/boegeblade-DSC_0259-web-1024x683.jpg\" alt=\"\" class=\"wp-image-173\" srcset=\"http:\/\/sandvaddesign.dk\/wp-content\/uploads\/2023\/04\/boegeblade-DSC_0259-web-1024x683.jpg 1024w, http:\/\/sandvaddesign.dk\/wp-content\/uploads\/2023\/04\/boegeblade-DSC_0259-web-300x200.jpg 300w, http:\/\/sandvaddesign.dk\/wp-content\/uploads\/2023\/04\/boegeblade-DSC_0259-web-768x512.jpg 768w, http:\/\/sandvaddesign.dk\/wp-content\/uploads\/2023\/04\/boegeblade-DSC_0259-web-1536x1024.jpg 1536w, http:\/\/sandvaddesign.dk\/wp-content\/uploads\/2023\/04\/boegeblade-DSC_0259-web-2048x1366.jpg 2048w, http:\/\/sandvaddesign.dk\/wp-content\/uploads\/2023\/04\/boegeblade-DSC_0259-web-920x613.jpg 920w, http:\/\/sandvaddesign.dk\/wp-content\/uploads\/2023\/04\/boegeblade-DSC_0259-web-666x444.jpg 666w\" sizes=\"(max-width: 1024px) 100vw, 1024px\" \/><figcaption class=\"wp-element-caption\">St. \u00d8kss\u00f8, Rold Skov<\/figcaption><\/figure>\n\n\n\n<figure class=\"wp-block-image size-large\"><img decoding=\"async\" loading=\"lazy\" width=\"970\" height=\"1024\" src=\"http:\/\/sandvaddesign.dk\/wp-content\/uploads\/2023\/04\/cutest-DSC_5056-970x1024.jpg\" alt=\"\" class=\"wp-image-177\" srcset=\"http:\/\/sandvaddesign.dk\/wp-content\/uploads\/2023\/04\/cutest-DSC_5056-970x1024.jpg 970w, http:\/\/sandvaddesign.dk\/wp-content\/uploads\/2023\/04\/cutest-DSC_5056-284x300.jpg 284w, http:\/\/sandvaddesign.dk\/wp-content\/uploads\/2023\/04\/cutest-DSC_5056-768x811.jpg 768w, http:\/\/sandvaddesign.dk\/wp-content\/uploads\/2023\/04\/cutest-DSC_5056-1455x1536.jpg 1455w, http:\/\/sandvaddesign.dk\/wp-content\/uploads\/2023\/04\/cutest-DSC_5056-1940x2048.jpg 1940w, http:\/\/sandvaddesign.dk\/wp-content\/uploads\/2023\/04\/cutest-DSC_5056.jpg 2040w\" sizes=\"(max-width: 970px) 100vw, 970px\" \/><figcaption class=\"wp-element-caption\">Lille Vildmose<\/figcaption><\/figure>\n\n\n\n<figure class=\"wp-block-image size-large\"><img decoding=\"async\" loading=\"lazy\" width=\"768\" height=\"1024\" src=\"http:\/\/sandvaddesign.dk\/wp-content\/uploads\/2023\/04\/IMG_2021-web_1-768x1024.jpg\" alt=\"\" class=\"wp-image-178\" srcset=\"http:\/\/sandvaddesign.dk\/wp-content\/uploads\/2023\/04\/IMG_2021-web_1-768x1024.jpg 768w, http:\/\/sandvaddesign.dk\/wp-content\/uploads\/2023\/04\/IMG_2021-web_1-225x300.jpg 225w, http:\/\/sandvaddesign.dk\/wp-content\/uploads\/2023\/04\/IMG_2021-web_1-1152x1536.jpg 1152w, http:\/\/sandvaddesign.dk\/wp-content\/uploads\/2023\/04\/IMG_2021-web_1-1536x2048.jpg 1536w, http:\/\/sandvaddesign.dk\/wp-content\/uploads\/2023\/04\/IMG_2021-web_1-666x888.jpg 666w, http:\/\/sandvaddesign.dk\/wp-content\/uploads\/2023\/04\/IMG_2021-web_1-scaled.jpg 1920w\" sizes=\"(max-width: 768px) 100vw, 768px\" \/><figcaption class=\"wp-element-caption\">Sk\u00f8rping station<\/figcaption><\/figure>\n<\/figure>\n<\/div><\/div>\n\n\n\n<figure class=\"wp-block-image size-large is-resized\"><img decoding=\"async\" loading=\"lazy\" src=\"https:\/\/sandvaddesign.dk\/wp-content\/uploads\/2025\/06\/skov-DSC_3926-683x1024.jpg\" alt=\"\" class=\"wp-image-428\" width=\"922\" height=\"1382\" srcset=\"http:\/\/sandvaddesign.dk\/wp-content\/uploads\/2025\/06\/skov-DSC_3926-683x1024.jpg 683w, http:\/\/sandvaddesign.dk\/wp-content\/uploads\/2025\/06\/skov-DSC_3926-200x300.jpg 200w, http:\/\/sandvaddesign.dk\/wp-content\/uploads\/2025\/06\/skov-DSC_3926-768x1152.jpg 768w, http:\/\/sandvaddesign.dk\/wp-content\/uploads\/2025\/06\/skov-DSC_3926-1024x1536.jpg 1024w, http:\/\/sandvaddesign.dk\/wp-content\/uploads\/2025\/06\/skov-DSC_3926-1365x2048.jpg 1365w, http:\/\/sandvaddesign.dk\/wp-content\/uploads\/2025\/06\/skov-DSC_3926-scaled.jpg 1707w\" sizes=\"(max-width: 922px) 100vw, 922px\" \/><\/figure>\n\n\n\n<figure class=\"wp-block-image size-large is-resized\"><img decoding=\"async\" loading=\"lazy\" src=\"https:\/\/sandvaddesign.dk\/wp-content\/uploads\/2025\/06\/foraarsblomster-DSC_2173-683x1024.jpg\" alt=\"\" class=\"wp-image-429\" width=\"920\" height=\"1379\" srcset=\"http:\/\/sandvaddesign.dk\/wp-content\/uploads\/2025\/06\/foraarsblomster-DSC_2173-683x1024.jpg 683w, http:\/\/sandvaddesign.dk\/wp-content\/uploads\/2025\/06\/foraarsblomster-DSC_2173-200x300.jpg 200w, http:\/\/sandvaddesign.dk\/wp-content\/uploads\/2025\/06\/foraarsblomster-DSC_2173-768x1152.jpg 768w, http:\/\/sandvaddesign.dk\/wp-content\/uploads\/2025\/06\/foraarsblomster-DSC_2173-1024x1536.jpg 1024w, http:\/\/sandvaddesign.dk\/wp-content\/uploads\/2025\/06\/foraarsblomster-DSC_2173-1365x2048.jpg 1365w, http:\/\/sandvaddesign.dk\/wp-content\/uploads\/2025\/06\/foraarsblomster-DSC_2173-scaled.jpg 1707w\" sizes=\"(max-width: 920px) 100vw, 920px\" \/><\/figure>\n\n\n\n<figure class=\"wp-block-gallery has-nested-images columns-default is-cropped wp-block-gallery-4 is-layout-flex\">\n<figure class=\"wp-block-image size-large\"><img decoding=\"async\" loading=\"lazy\" width=\"1024\" height=\"677\" data-id=\"181\"  src=\"http:\/\/sandvaddesign.dk\/wp-content\/uploads\/2023\/04\/stationen-DSC_3093-1-1024x677.jpg\" alt=\"\" class=\"wp-image-181\" srcset=\"http:\/\/sandvaddesign.dk\/wp-content\/uploads\/2023\/04\/stationen-DSC_3093-1-1024x677.jpg 1024w, http:\/\/sandvaddesign.dk\/wp-content\/uploads\/2023\/04\/stationen-DSC_3093-1-300x198.jpg 300w, http:\/\/sandvaddesign.dk\/wp-content\/uploads\/2023\/04\/stationen-DSC_3093-1-768x507.jpg 768w, http:\/\/sandvaddesign.dk\/wp-content\/uploads\/2023\/04\/stationen-DSC_3093-1-1536x1015.jpg 1536w, http:\/\/sandvaddesign.dk\/wp-content\/uploads\/2023\/04\/stationen-DSC_3093-1-2048x1353.jpg 2048w\" sizes=\"(max-width: 1024px) 100vw, 1024px\" \/><figcaption class=\"wp-element-caption\">Sk\u00f8rping Station<\/figcaption><\/figure>\n<\/figure>\n\n\n\n<figure class=\"wp-block-gallery has-nested-images columns-2 is-cropped wp-block-gallery-6 is-layout-flex\">\n<figure class=\"wp-block-image size-large\"><img decoding=\"async\" loading=\"lazy\" width=\"683\" height=\"1024\" data-id=\"180\"  src=\"http:\/\/sandvaddesign.dk\/wp-content\/uploads\/2023\/04\/loekken-DSC_0076-copy-web-683x1024.jpg\" alt=\"\" class=\"wp-image-180\" srcset=\"http:\/\/sandvaddesign.dk\/wp-content\/uploads\/2023\/04\/loekken-DSC_0076-copy-web-683x1024.jpg 683w, http:\/\/sandvaddesign.dk\/wp-content\/uploads\/2023\/04\/loekken-DSC_0076-copy-web-200x300.jpg 200w, http:\/\/sandvaddesign.dk\/wp-content\/uploads\/2023\/04\/loekken-DSC_0076-copy-web-768x1152.jpg 768w, http:\/\/sandvaddesign.dk\/wp-content\/uploads\/2023\/04\/loekken-DSC_0076-copy-web-1024x1536.jpg 1024w, http:\/\/sandvaddesign.dk\/wp-content\/uploads\/2023\/04\/loekken-DSC_0076-copy-web-1365x2048.jpg 1365w, http:\/\/sandvaddesign.dk\/wp-content\/uploads\/2023\/04\/loekken-DSC_0076-copy-web-scaled.jpg 1707w\" sizes=\"(max-width: 683px) 100vw, 683px\" \/><figcaption class=\"wp-element-caption\">L\u00f8kken<\/figcaption><\/figure>\n\n\n\n<figure class=\"wp-block-image size-large\" id=\"block-e1851e16-9582-4a65-997d-a0f11ed7a98f\"><img decoding=\"async\" loading=\"lazy\" width=\"683\" height=\"1024\" data-id=\"182\"  src=\"https:\/\/sandvaddesign.dk\/wp-content\/uploads\/2023\/04\/st-okso-DSC_5302-web-683x1024.jpg\" alt=\"\" class=\"wp-image-182\" srcset=\"http:\/\/sandvaddesign.dk\/wp-content\/uploads\/2023\/04\/st-okso-DSC_5302-web-683x1024.jpg 683w, http:\/\/sandvaddesign.dk\/wp-content\/uploads\/2023\/04\/st-okso-DSC_5302-web-200x300.jpg 200w, http:\/\/sandvaddesign.dk\/wp-content\/uploads\/2023\/04\/st-okso-DSC_5302-web-768x1152.jpg 768w, http:\/\/sandvaddesign.dk\/wp-content\/uploads\/2023\/04\/st-okso-DSC_5302-web-1024x1536.jpg 1024w, http:\/\/sandvaddesign.dk\/wp-content\/uploads\/2023\/04\/st-okso-DSC_5302-web-1365x2048.jpg 1365w, http:\/\/sandvaddesign.dk\/wp-content\/uploads\/2023\/04\/st-okso-DSC_5302-web-scaled.jpg 1707w\" sizes=\"(max-width: 683px) 100vw, 683px\" \/><figcaption class=\"wp-element-caption\">St. \u00d8kss\u00f8<\/figcaption><\/figure>\n\n\n\n<figure class=\"wp-block-image size-large\"><img decoding=\"async\" loading=\"lazy\" width=\"1024\" height=\"683\" data-id=\"243\"  src=\"http:\/\/sandvaddesign.dk\/wp-content\/uploads\/2023\/10\/TSR_DSC_5061-1024x683.jpg\" alt=\"\" class=\"wp-image-243\" srcset=\"http:\/\/sandvaddesign.dk\/wp-content\/uploads\/2023\/10\/TSR_DSC_5061-1024x683.jpg 1024w, http:\/\/sandvaddesign.dk\/wp-content\/uploads\/2023\/10\/TSR_DSC_5061-300x200.jpg 300w, http:\/\/sandvaddesign.dk\/wp-content\/uploads\/2023\/10\/TSR_DSC_5061-768x512.jpg 768w, http:\/\/sandvaddesign.dk\/wp-content\/uploads\/2023\/10\/TSR_DSC_5061-1536x1024.jpg 1536w, http:\/\/sandvaddesign.dk\/wp-content\/uploads\/2023\/10\/TSR_DSC_5061-2048x1365.jpg 2048w, http:\/\/sandvaddesign.dk\/wp-content\/uploads\/2023\/10\/TSR_DSC_5061-920x613.jpg 920w, http:\/\/sandvaddesign.dk\/wp-content\/uploads\/2023\/10\/TSR_DSC_5061-666x444.jpg 666w\" sizes=\"(max-width: 1024px) 100vw, 1024px\" \/><figcaption class=\"wp-element-caption\">Tall Ship races 2023 Aalborg<\/figcaption><\/figure>\n<\/figure>\n\n\n\n<figure class=\"wp-block-gallery has-nested-images columns-default is-cropped wp-block-gallery-8 is-layout-flex\">\n<figure class=\"wp-block-image size-large\"><img decoding=\"async\" loading=\"lazy\" width=\"1024\" height=\"917\" data-id=\"174\"  src=\"http:\/\/sandvaddesign.dk\/wp-content\/uploads\/2023\/04\/Buffer-Aalborg-havn-web-1024x917.jpg\" alt=\"\" class=\"wp-image-174\" srcset=\"http:\/\/sandvaddesign.dk\/wp-content\/uploads\/2023\/04\/Buffer-Aalborg-havn-web-1024x917.jpg 1024w, http:\/\/sandvaddesign.dk\/wp-content\/uploads\/2023\/04\/Buffer-Aalborg-havn-web-300x269.jpg 300w, http:\/\/sandvaddesign.dk\/wp-content\/uploads\/2023\/04\/Buffer-Aalborg-havn-web-768x688.jpg 768w, http:\/\/sandvaddesign.dk\/wp-content\/uploads\/2023\/04\/Buffer-Aalborg-havn-web-1536x1375.jpg 1536w, http:\/\/sandvaddesign.dk\/wp-content\/uploads\/2023\/04\/Buffer-Aalborg-havn-web-2048x1834.jpg 2048w\" sizes=\"(max-width: 1024px) 100vw, 1024px\" \/><figcaption class=\"wp-element-caption\">Aalborg \u00d8stre Havn<\/figcaption><\/figure>\n\n\n\n<figure class=\"wp-block-image size-large\"><img decoding=\"async\" loading=\"lazy\" width=\"710\" height=\"1024\" data-id=\"172\"  src=\"http:\/\/sandvaddesign.dk\/wp-content\/uploads\/2023\/04\/aalborgtaarnet-DSC_2311-web-710x1024.jpg\" alt=\"\" class=\"wp-image-172\" srcset=\"http:\/\/sandvaddesign.dk\/wp-content\/uploads\/2023\/04\/aalborgtaarnet-DSC_2311-web-710x1024.jpg 710w, http:\/\/sandvaddesign.dk\/wp-content\/uploads\/2023\/04\/aalborgtaarnet-DSC_2311-web-208x300.jpg 208w, http:\/\/sandvaddesign.dk\/wp-content\/uploads\/2023\/04\/aalborgtaarnet-DSC_2311-web-768x1107.jpg 768w, http:\/\/sandvaddesign.dk\/wp-content\/uploads\/2023\/04\/aalborgtaarnet-DSC_2311-web-1065x1536.jpg 1065w, http:\/\/sandvaddesign.dk\/wp-content\/uploads\/2023\/04\/aalborgtaarnet-DSC_2311-web-1420x2048.jpg 1420w, http:\/\/sandvaddesign.dk\/wp-content\/uploads\/2023\/04\/aalborgtaarnet-DSC_2311-web-scaled.jpg 1776w\" sizes=\"(max-width: 710px) 100vw, 710px\" \/><figcaption class=\"wp-element-caption\">Aalborgt\u00e5rnet<\/figcaption><\/figure>\n<\/figure>\n\n\n\n<figure class=\"wp-block-gallery has-nested-images columns-default is-cropped wp-block-gallery-10 is-layout-flex\">\n<figure class=\"wp-block-image size-large\"><img decoding=\"async\" loading=\"lazy\" width=\"1024\" height=\"683\" data-id=\"62\"  src=\"http:\/\/sandvaddesign.dk\/wp-content\/uploads\/2023\/04\/kridtgraven-Billed.-copy-web_1-1024x683.jpg\" alt=\"\" class=\"wp-image-62\" srcset=\"http:\/\/sandvaddesign.dk\/wp-content\/uploads\/2023\/04\/kridtgraven-Billed.-copy-web_1-1024x683.jpg 1024w, http:\/\/sandvaddesign.dk\/wp-content\/uploads\/2023\/04\/kridtgraven-Billed.-copy-web_1-300x200.jpg 300w, http:\/\/sandvaddesign.dk\/wp-content\/uploads\/2023\/04\/kridtgraven-Billed.-copy-web_1-768x512.jpg 768w, http:\/\/sandvaddesign.dk\/wp-content\/uploads\/2023\/04\/kridtgraven-Billed.-copy-web_1-1536x1024.jpg 1536w, http:\/\/sandvaddesign.dk\/wp-content\/uploads\/2023\/04\/kridtgraven-Billed.-copy-web_1-2048x1365.jpg 2048w, http:\/\/sandvaddesign.dk\/wp-content\/uploads\/2023\/04\/kridtgraven-Billed.-copy-web_1-920x613.jpg 920w, http:\/\/sandvaddesign.dk\/wp-content\/uploads\/2023\/04\/kridtgraven-Billed.-copy-web_1-666x444.jpg 666w\" sizes=\"(max-width: 1024px) 100vw, 1024px\" \/><figcaption class=\"wp-element-caption\">Kridtgraven, Aalborg<\/figcaption><\/figure>\n<\/figure>\n\n\n\n<figure class=\"wp-block-gallery has-nested-images columns-default is-cropped wp-block-gallery-12 is-layout-flex\">\n<figure class=\"wp-block-image size-large\"><img decoding=\"async\" loading=\"lazy\" width=\"1024\" height=\"575\" data-id=\"7\"  src=\"http:\/\/sandvaddesign.dk\/wp-content\/uploads\/2023\/04\/cropped-Favorit-austria_DSC0039-1024x575.jpg\" alt=\"\" class=\"wp-image-7\" srcset=\"http:\/\/sandvaddesign.dk\/wp-content\/uploads\/2023\/04\/cropped-Favorit-austria_DSC0039-1024x575.jpg 1024w, http:\/\/sandvaddesign.dk\/wp-content\/uploads\/2023\/04\/cropped-Favorit-austria_DSC0039-300x169.jpg 300w, http:\/\/sandvaddesign.dk\/wp-content\/uploads\/2023\/04\/cropped-Favorit-austria_DSC0039-768x432.jpg 768w, http:\/\/sandvaddesign.dk\/wp-content\/uploads\/2023\/04\/cropped-Favorit-austria_DSC0039-1536x863.jpg 1536w, http:\/\/sandvaddesign.dk\/wp-content\/uploads\/2023\/04\/cropped-Favorit-austria_DSC0039.jpg 1920w\" sizes=\"(max-width: 1024px) 100vw, 1024px\" \/><figcaption class=\"wp-element-caption\">\u00d8strig<\/figcaption><\/figure>\n<\/figure>\n\n\n\n<figure class=\"wp-block-gallery has-nested-images columns-default is-cropped wp-block-gallery-14 is-layout-flex\">\n<figure class=\"wp-block-image size-large\"><img decoding=\"async\" loading=\"lazy\" width=\"1024\" height=\"679\" data-id=\"175\"  src=\"http:\/\/sandvaddesign.dk\/wp-content\/uploads\/2023\/04\/finland_DSC0029-1024x679.jpg\" alt=\"\" class=\"wp-image-175\" srcset=\"http:\/\/sandvaddesign.dk\/wp-content\/uploads\/2023\/04\/finland_DSC0029-1024x679.jpg 1024w, http:\/\/sandvaddesign.dk\/wp-content\/uploads\/2023\/04\/finland_DSC0029-300x199.jpg 300w, http:\/\/sandvaddesign.dk\/wp-content\/uploads\/2023\/04\/finland_DSC0029-768x509.jpg 768w, http:\/\/sandvaddesign.dk\/wp-content\/uploads\/2023\/04\/finland_DSC0029-1536x1018.jpg 1536w, http:\/\/sandvaddesign.dk\/wp-content\/uploads\/2023\/04\/finland_DSC0029-2048x1358.jpg 2048w\" sizes=\"(max-width: 1024px) 100vw, 1024px\" \/><figcaption class=\"wp-element-caption\">Finland<\/figcaption><\/figure>\n<\/figure>\n","protected":false},"excerpt":{"rendered":"<p>Fotos fra omr\u00e5det omkring Sk\u00f8rping\/Rold Skov mfl. Billederne kan k\u00f8bes som plakat i begr\u00e6nset omfang, kontakt mig hvis du er<\/p>\n<p><span class=\"more-link\"><a href=\"http:\/\/sandvaddesign.dk\/?page_id=169\" class=\"readmore\">Continue reading<span class=\"screen-reader-text\">Naturfoto<\/span><\/a><\/span><\/p>\n","protected":false},"author":1,"featured_media":0,"parent":0,"menu_order":0,"comment_status":"closed","ping_status":"closed","template":"","meta":[],"_links":{"self":[{"href":"http:\/\/sandvaddesign.dk\/index.php?rest_route=\/wp\/v2\/pages\/169"}],"collection":[{"href":"http:\/\/sandvaddesign.dk\/index.php?rest_route=\/wp\/v2\/pages"}],"about":[{"href":"http:\/\/sandvaddesign.dk\/index.php?rest_route=\/wp\/v2\/types\/page"}],"author":[{"embeddable":true,"href":"http:\/\/sandvaddesign.dk\/index.php?rest_route=\/wp\/v2\/users\/1"}],"replies":[{"embeddable":true,"href":"http:\/\/sandvaddesign.dk\/index.php?rest_route=%2Fwp%2Fv2%2Fcomments&post=169"}],"version-history":[{"count":4,"href":"http:\/\/sandvaddesign.dk\/index.php?rest_route=\/wp\/v2\/pages\/169\/revisions"}],"predecessor-version":[{"id":430,"href":"http:\/\/sandvaddesign.dk\/index.php?rest_route=\/wp\/v2\/pages\/169\/revisions\/430"}],"wp:attachment":[{"href":"http:\/\/sandvaddesign.dk\/index.php?rest_route=%2Fwp%2Fv2%2Fmedia&parent=169"}],"curies":[{"name":"wp","href":"https:\/\/api.w.org\/{rel}","templated":true}]}}