{"id":334,"date":"2024-08-11T19:48:48","date_gmt":"2024-08-11T19:48:48","guid":{"rendered":"https:\/\/sandvaddesign.dk\/?page_id=334"},"modified":"2024-08-11T19:49:40","modified_gmt":"2024-08-11T19:49:40","slug":"undervisning","status":"publish","type":"page","link":"http:\/\/sandvaddesign.dk\/?page_id=334","title":{"rendered":"Undervisning"},"content":{"rendered":"\n<p>Har du eller din forening brug for hj\u00e6lp til at komme igang med sociale medier, videoproduktion og ideer til content, s\u00e5 kontakt mig for at h\u00f8re hvordan jeg kan hj\u00e6lpe. <\/p>\n\n\n\n<p><a href=\"https:\/\/sandvaddesign.dk\/?page_id=82\" data-type=\"page\" data-id=\"82\">Kontakt mig her<\/a><\/p>\n","protected":false},"excerpt":{"rendered":"<p>Har du eller din forening brug for hj\u00e6lp til at komme igang med sociale medier, videoproduktion og ideer til content,<\/p>\n<p><span class=\"more-link\"><a href=\"http:\/\/sandvaddesign.dk\/?page_id=334\" class=\"readmore\">Continue reading<span class=\"screen-reader-text\">Undervisning<\/span><\/a><\/span><\/p>\n","protected":false},"author":1,"featured_media":0,"parent":0,"menu_order":0,"comment_status":"closed","ping_status":"closed","template":"","meta":[],"_links":{"self":[{"href":"http:\/\/sandvaddesign.dk\/index.php?rest_route=\/wp\/v2\/pages\/334"}],"collection":[{"href":"http:\/\/sandvaddesign.dk\/index.php?rest_route=\/wp\/v2\/pages"}],"about":[{"href":"http:\/\/sandvaddesign.dk\/index.php?rest_route=\/wp\/v2\/types\/page"}],"author":[{"embeddable":true,"href":"http:\/\/sandvaddesign.dk\/index.php?rest_route=\/wp\/v2\/users\/1"}],"replies":[{"embeddable":true,"href":"http:\/\/sandvaddesign.dk\/index.php?rest_route=%2Fwp%2Fv2%2Fcomments&post=334"}],"version-history":[{"count":2,"href":"http:\/\/sandvaddesign.dk\/index.php?rest_route=\/wp\/v2\/pages\/334\/revisions"}],"predecessor-version":[{"id":337,"href":"http:\/\/sandvaddesign.dk\/index.php?rest_route=\/wp\/v2\/pages\/334\/revisions\/337"}],"wp:attachment":[{"href":"http:\/\/sandvaddesign.dk\/index.php?rest_route=%2Fwp%2Fv2%2Fmedia&parent=334"}],"curies":[{"name":"wp","href":"https:\/\/api.w.org\/{rel}","templated":true}]}}