{"id":73,"date":"2023-04-30T12:51:41","date_gmt":"2023-04-30T12:51:41","guid":{"rendered":"http:\/\/sandvaddesign.dk\/?page_id=73"},"modified":"2026-04-17T11:31:17","modified_gmt":"2026-04-17T11:31:17","slug":"om-sandvad-foto","status":"publish","type":"page","link":"http:\/\/sandvaddesign.dk\/?page_id=73","title":{"rendered":"Om Sandvad Foto"},"content":{"rendered":"\n<p>Jeg hedder Mai-Britt Sandvad og bor i Sk\u00f8rping med min datter, hvor jeg er f\u00f8dt og opvokset.<br>I hverdagene arbejder jeg som marketingansvarlig i Aalborg, hvor jeg b\u00e5de fotograferer og laver marketingkampagner og al grafisk materiale.&nbsp;<br><br>I min fritid elsker jeg at fotografere vores smukke natur, koncerter og forskellige mennesker. Alle er smukke p\u00e5 hver sin m\u00e5de, og jeg s\u00e6tter en \u00e6re i at fremh\u00e6ve dine bedste tr\u00e6k.<br>Jeg kan ogs\u00e5 skjule, hvis der er ting du ikke er s\u00e5 glad for, dog skal billeder stadig v\u00e6re \u00e6gte og tro mod virkeligheden, men jeg kan helt sikkert trylle lidt i Photoshop, hvis du har en d\u00e5rlig dag.<br><br><strong>FOTOSTIL<\/strong><br>Min fotostil kontrastfyldt og med levende farver og jeg tager altid billederne udenfor.<br>Vejret skal v\u00e6re lyst og ikke i bagende sol midt p\u00e5 dagen, da det vil \u00f8del\u00e6gge billederne. <br>En smule overskyet vejr, giver faktisk de bedste billeder uden skygger i ansigterne.<\/p>\n\n\n\n<p><strong>\u00c5BNINGSTIDER<\/strong><br>Fototider vil fortrinsvis v\u00e6re i weekender, skoleferier, helligdage og hverdage mellem 17-20, men det er altid efter aftale. N\u00e5r du booker en tid ved mig, aftaler vi tid, sted og aftale fotos og personer derp\u00e5, s\u00e5 jeg kan forberede mig bedst muligt. <\/p>\n\n\n\n<p><strong>S\u00c5DAN FOREG\u00c5R EN FOTOGRAFERING<\/strong><br>Der er afsat 30 min. til fotograferingen. Efter fotografering vil jeg sende dig nogle testfotos du kan v\u00e6lge imellem. Det er altid muligt at bestille flere end de aftalte antal digitale fotos. Herefter vil jeg redigere billederne med korrektioner, skalering, farver og lys. Det f\u00e6rdige foto vil du f\u00e5 digitalt i h\u00f8j opl\u00f8sning til print (ogs\u00e5 store formater) samt et lavere opl\u00f8sning og et kvadratisk der kan bruges til profilfoto i diverse apps. Leveringstid er maks 7 dage.<\/p>\n\n\n\n<p><strong>AFBUD<\/strong><br>Evt afbud skal meldes 24 timer f\u00f8r aftalen, ellers vil du risikere et gebyr p\u00e5 500,- hvis jeg ikke har nogen p\u00e5 venteliste.<\/p>\n\n\n\n<p><strong>GRAFIK<\/strong><br>Jeg er desuden uddannet mediegrafiker og har arbejdet med stort set alt inden for grafisk produktion i mere end 25 \u00e5r.<\/p>\n\n\n\n<p><strong>SoMe<\/strong><br>Jeg underviser i brug af sociale medier, ops\u00e6tning, sikkerhed og content prim\u00e6rt p\u00e5 Instagram og facebook.<\/p>\n\n\n\n<p><strong>VIDEO, REELS OG VIDEOREDIGERING<br><\/strong>Jeg underviser i brug af CapCut og videoredigering med mobil. Herunder tips til animationer og sjove trends p\u00e5 reels.<\/p>\n","protected":false},"excerpt":{"rendered":"<p>Jeg hedder Mai-Britt Sandvad og bor i Sk\u00f8rping med min datter, hvor jeg er f\u00f8dt og opvokset.I hverdagene arbejder jeg<\/p>\n<p><span class=\"more-link\"><a href=\"http:\/\/sandvaddesign.dk\/?page_id=73\" class=\"readmore\">Continue reading<span class=\"screen-reader-text\">Om Sandvad Foto<\/span><\/a><\/span><\/p>\n","protected":false},"author":1,"featured_media":0,"parent":0,"menu_order":0,"comment_status":"closed","ping_status":"closed","template":"","meta":[],"_links":{"self":[{"href":"http:\/\/sandvaddesign.dk\/index.php?rest_route=\/wp\/v2\/pages\/73"}],"collection":[{"href":"http:\/\/sandvaddesign.dk\/index.php?rest_route=\/wp\/v2\/pages"}],"about":[{"href":"http:\/\/sandvaddesign.dk\/index.php?rest_route=\/wp\/v2\/types\/page"}],"author":[{"embeddable":true,"href":"http:\/\/sandvaddesign.dk\/index.php?rest_route=\/wp\/v2\/users\/1"}],"replies":[{"embeddable":true,"href":"http:\/\/sandvaddesign.dk\/index.php?rest_route=%2Fwp%2Fv2%2Fcomments&post=73"}],"version-history":[{"count":7,"href":"http:\/\/sandvaddesign.dk\/index.php?rest_route=\/wp\/v2\/pages\/73\/revisions"}],"predecessor-version":[{"id":582,"href":"http:\/\/sandvaddesign.dk\/index.php?rest_route=\/wp\/v2\/pages\/73\/revisions\/582"}],"wp:attachment":[{"href":"http:\/\/sandvaddesign.dk\/index.php?rest_route=%2Fwp%2Fv2%2Fmedia&parent=73"}],"curies":[{"name":"wp","href":"https:\/\/api.w.org\/{rel}","templated":true}]}}