{"id":85,"date":"2023-04-30T13:03:36","date_gmt":"2023-04-30T13:03:36","guid":{"rendered":"http:\/\/sandvaddesign.dk\/?page_id=85"},"modified":"2026-04-17T11:30:09","modified_gmt":"2026-04-17T11:30:09","slug":"priser","status":"publish","type":"page","link":"http:\/\/sandvaddesign.dk\/?page_id=85","title":{"rendered":"Priser"},"content":{"rendered":"\n<p><strong>Grafik\/undervisning\/logo priser fra kr. 195,-<\/strong><br>Jeg er uddannet mediegrafiker og har arbejdet med billeder og grafik i mere end 20 \u00e5r. Jeg arbejder professionelt med grafisk design, videoproduktion og billedredigering, samt undervisning i SoMe\/reels.<\/p>\n\n\n\n<p>Jeg kan hj\u00e6lpe med alt inden for dette omr\u00e5de, fx logodesign, bannere, beach flag, skilte, brochurer, magasiner og meget mere. Kontakt mig for et uforpligtende tilbud til din opgave.<\/p>\n\n\n\n<p><strong>Portr\u00e6tfotografering kr. 395,-<\/strong><br>Fotosession udenfor i omr\u00e5det Sk\u00f8rping&nbsp;&#8211; Aalborg<br>(ved l\u00e6ngere k\u00f8rsel kan der komme k\u00f8rselstill\u00e6g, skriv for pris)&nbsp;<br>inkl redigeret valgfrit 2 foto digitalt leveret i h\u00f8j kvalitet. Du f\u00e5r mange at v\u00e6lge imellem.<br>\u00d8nsker du flere digitale fotos kan de tilk\u00f8bes for 125 kr pr stk<\/p>\n\n\n\n<p><strong>Familie\/gruppe fotografering 495,-<\/strong><br>Fotosession udenfor i omr\u00e5det Sk\u00f8rping&nbsp;&#8211; Aalborg<br>(ved l\u00e6ngere k\u00f8rsel kan der komme k\u00f8rselstill\u00e6g, skriv for pris)&nbsp;<br>inkl redigeret 1 foto digitalt leveret i h\u00f8j kvalitet. Du f\u00e5r mange at v\u00e6lge imellem<br>\u00d8nsker du flere digitale fotos kan de tilk\u00f8bes for 150 kr pr stk (2 pers) \/ 270 kr pr stk (3-5 pers). <\/p>\n\n\n\n<p>OBS: <strong>Stor rabat ved k\u00f8b af min. 10 fotos<\/strong>!<\/p>\n\n\n\n<p><strong>Holdfoto priser fra 495,-<\/strong><br>Kontakt mig for en fast pris.&nbsp;<br>Jeg skal vide antal, aldersgruppe, lokation og antal varianter af digitale fotos<\/p>\n\n\n\n<p><strong>Konfirmation\/Student priser fra 795,-<\/strong><br>Fotografering af konfirmand\/student p\u00e5 en lokation, typisk 30-60 min. Fotografering af konfirmand\/student med for\u00e6ldre og s\u00f8skende. Inkl levering af 5 digitale fotos af konfirmanden\/studenten, ekstra fotos kan tilk\u00f8bes (se priser under portr\u00e6tfotografering). Ekstra lokation, fx foran kirken\/skolen kan aftales. Inkl. k\u00f8rsel maks 30 km fra Sk\u00f8rping<\/p>\n\n\n\n<p><strong>Bryllup priser fra 995,-<\/strong><br>Fotografering af brudepar p\u00e5 en lokation 60-90 min. Fotografering foran kirke, fotografering med familie mm kan aftales mod et evt. till\u00e6g. Inkl levering af 3 digitale fotos: Brudepar i fuld figur, stemningsfoto af brudepar og foto af ringe\/brudebuket. Ekstra fotos kan tilk\u00f8bes, I vil altid f\u00e5 en masse fotos at v\u00e6lge imellem (se priser under portr\u00e6tfotografering). Inkl. k\u00f8rsel maks 30 km fra Sk\u00f8rping<\/p>\n\n\n\n<p><strong>S\u00c5DAN FOREG\u00c5R EN FOTOGRAFERING<\/strong><br>Vi m\u00f8des p\u00e5 aftalt lokation. Fotosessionen er fastsat til 30 min. Efter fotografering vil jeg sende dig nogle testfotos du kan v\u00e6lge imellem. Det er altid muligt at bestille flere end de aftalte antal digitale fotos. Herefter vil jeg redigere billederne med korrektioner, skalering, farver og lys. Det f\u00e6rdige foto vil du f\u00e5 digitalt i h\u00f8j opl\u00f8sning til print (ogs\u00e5 store formater) . De sendes med et downloadlink via wetransfer eller lignende overf\u00f8rselslink og linket er aktivt i 3 dage. Leveringstid fra mig er maks 7 dage.<\/p>\n\n\n\n<p><strong>AFBUD<\/strong><br>Evt afbud skal meldes 24 timer f\u00f8r aftalen, ellers vil du risikere et gebyr p\u00e5 500,- hvis jeg ikke har nogen p\u00e5 venteliste.<\/p>\n","protected":false},"excerpt":{"rendered":"<p>Grafik\/undervisning\/logo priser fra kr. 195,-Jeg er uddannet mediegrafiker og har arbejdet med billeder og grafik i mere end 20 \u00e5r.<\/p>\n<p><span class=\"more-link\"><a href=\"http:\/\/sandvaddesign.dk\/?page_id=85\" class=\"readmore\">Continue reading<span class=\"screen-reader-text\">Priser<\/span><\/a><\/span><\/p>\n","protected":false},"author":1,"featured_media":0,"parent":0,"menu_order":0,"comment_status":"closed","ping_status":"closed","template":"","meta":[],"_links":{"self":[{"href":"http:\/\/sandvaddesign.dk\/index.php?rest_route=\/wp\/v2\/pages\/85"}],"collection":[{"href":"http:\/\/sandvaddesign.dk\/index.php?rest_route=\/wp\/v2\/pages"}],"about":[{"href":"http:\/\/sandvaddesign.dk\/index.php?rest_route=\/wp\/v2\/types\/page"}],"author":[{"embeddable":true,"href":"http:\/\/sandvaddesign.dk\/index.php?rest_route=\/wp\/v2\/users\/1"}],"replies":[{"embeddable":true,"href":"http:\/\/sandvaddesign.dk\/index.php?rest_route=%2Fwp%2Fv2%2Fcomments&post=85"}],"version-history":[{"count":16,"href":"http:\/\/sandvaddesign.dk\/index.php?rest_route=\/wp\/v2\/pages\/85\/revisions"}],"predecessor-version":[{"id":581,"href":"http:\/\/sandvaddesign.dk\/index.php?rest_route=\/wp\/v2\/pages\/85\/revisions\/581"}],"wp:attachment":[{"href":"http:\/\/sandvaddesign.dk\/index.php?rest_route=%2Fwp%2Fv2%2Fmedia&parent=85"}],"curies":[{"name":"wp","href":"https:\/\/api.w.org\/{rel}","templated":true}]}}